
{"id":3448,"date":"2025-07-15T09:07:14","date_gmt":"2025-07-15T02:07:14","guid":{"rendered":"https:\/\/haisanranbien.vn\/san-pham\/ca-mu-bong"},"modified":"2025-08-09T14:18:04","modified_gmt":"2025-08-09T07:18:04","slug":"ca-mu-bong","status":"publish","type":"product","link":"https:\/\/haisanranbienvn461.mbws.vn\/ko\/san-pham\/ca-mu-bong","title":{"rendered":"\uaf43\ubb34\ub2ac\uc790\ubc14\ub9ac"},"content":{"rendered":"<p><strong data-start=\"82\" data-end=\"110\">\uaf43\ubb34\ub2ac \ubc14\ub2e4\ud638\ub791\uc774 \u2013 \ubc14\ub2e4\uc758 \u201c\ubb34\ub2ac \ud638\ub791\uc774\u201d<\/strong><\/p>\n<p>\uaf43\ubb34\ub2ac \ubc14\ub2e4\ud638\ub791\uc774(\ubca0\ud2b8\ub0a8\uba85: C\u00e1 M\u00fa B\u00f4ng)\ub294 \ub3c5\ud2b9\ud55c \uaf43\ubb34\ub2ac \ubb34\ub2ac\uc640 \uc6b0\uc544\ud558\uba74\uc11c\ub3c4 \uac15\uc778\ud55c \uc678\ud615\uc744 \uc790\ub791\ud558\uba70, \ub450\ud23c\ud558\uace0 \ud558\uc597\uac8c \ube5b\ub098\ub294 \uc0b4\uacb0, \ud0c4\ud0c4\ud55c \uc2dd\uac10, \uadf8\ub9ac\uace0 \uc740\uc740\ud55c \ub2e8\ub9db\uc73c\ub85c \ubbf8\uc2dd\uac00\ub4e4\uc744 \uc0ac\ub85c\uc7a1\uc2b5\ub2c8\ub2e4.<\/p>\n<p>\uc774 \uc5b4\uc885\uc740 \ubca0\ud2b8\ub0a8 \uc911\ubd80 \ud574\uc548\uc758 \uae4a\uc740 \uc554\ucd08 \uc9c0\ub300\uc5d0\uc11c \uc790\uc5f0 \uc11c\uc2dd\ud558\uba70, \ub9d1\uace0 \uc601\uc591\uc774 \ud48d\ubd80\ud55c \ubc14\ub2f7\ubb3c\uacfc \uae4c\ub2e4\ub85c\uc6b4 \uc0dd\uc874 \ud658\uacbd \uc18d\uc5d0\uc11c \uc790\ub77c\ub0a9\ub2c8\ub2e4. \ub355\ubd84\uc5d0 \uc0b4\uc774 \uc790\uc5f0\uc2a4\ub7fd\uac8c \ub2e8\ub2e8\ud558\uace0 \uc601\uc591\uac00\uac00 \ub192\uc73c\uba70, \ubc14\ub2e4 \ud2b9\uc720\uc758 \uae4a\uc740 \ud48d\ubbf8\ub97c \uac04\uc9c1\ud558\uace0 \uc788\uc2b5\ub2c8\ub2e4.<\/p>\n<p><strong data-start=\"362\" data-end=\"375\">\ud48d\ubd80\ud55c \uc601\uc591 \uac00\uce58<\/strong><\/p>\n<ul data-start=\"378\" data-end=\"541\">\n<li data-start=\"378\" data-end=\"413\">\uc21c\uc218 \ub2e8\ubc31\uc9c8: \uadfc\uc721 \uac15\ud654\uc640 \ube60\ub978 \uccb4\ub825 \ud68c\ubcf5\uc5d0 \ub3c4\uc6c0<\/li>\n<li data-start=\"414\" data-end=\"451\">\uc800\uc9c0\ubc29\u00b7\uc800\ucf5c\ub808\uc2a4\ud14c\ub864: \uac74\uac15\uc2dd, \uc6b4\ub3d9\uc778, \ub178\ub144\uce35\uc5d0 \uc801\ud569<\/li>\n<li data-start=\"452\" data-end=\"489\">\ud48d\ubd80\ud55c \uc624\uba54\uac00-3: \ub450\ub1cc, \uc2ec\ud608\uad00, \uc2dc\ub825 \uac74\uac15\uc5d0 \uc720\uc775<\/li>\n<li data-start=\"490\" data-end=\"541\">\ube44\ud0c0\ubbfc D, B12, \uce7c\uc298, \uc140\ub808\ub284: \uba74\uc5ed\ub825 \uac15\ud654, \ubf08 \uac74\uac15, \ud53c\ubd80 \uac74\uac15 \uc720\uc9c0<\/li>\n<\/ul>\n<p><strong data-start=\"543\" data-end=\"552\">\ub300\ud45c \uc694\ub9ac<\/strong><\/p>\n<ul data-start=\"555\" data-end=\"770\">\n<li data-start=\"555\" data-end=\"613\">\ud64d\ucf69\uc2dd \ucc1c: \uc0dd\uc120\uc758 \uc790\uc5f0\uc2a4\ub7ec\uc6b4 \ub2e8\ub9db\uc744 \uc0b4\ub9ac\uace0 \uc0dd\uac15\u00b7\ud30c \ud5a5\uacfc \ub2f4\ubc31\ud55c \uac04\uc7a5 \uc18c\uc2a4\uac00 \uc870\ud654\ub97c \uc774\ub8f8<\/li>\n<li data-start=\"614\" data-end=\"656\">\uc18c\uae08 \uace0\ucd94 \uad6c\uc774: \uac89\uc740 \ubc14\uc0ad, \uc18d\uc740 \ucd09\ucd09\ud558\uc5ec \ubaa8\ub4e0 \uac10\uac01\uc744 \uc790\uadf9<\/li>\n<li data-start=\"657\" data-end=\"699\">\ud0d5 \uc694\ub9ac: \ub9d1\uace0 \uc2dc\uc6d0\ud55c \uad6d\ubb3c\uc758 \ub9dd\uace0\uc8fd\uc21c\ud0d5 \ub610\ub294 \uae54\ub054\ud55c \ud574\uc0b0\ubb3c\ud0d5<\/li>\n<li data-start=\"700\" data-end=\"770\">\uc0ac\uc2dc\ubbf8: \uc587\uac8c \uc36c \uc0dd\uc120\ud68c\uc5d0 \uc640\uc0ac\ube44 \uac04\uc7a5 \ub610\ub294 \ub179\uc0c9 \uace0\ucd94 \uc18c\uae08\uc744 \uacc1\ub4e4\uc5ec \ubc14\ub2e4\uc758 \uc21c\uc218\ud55c \ub2e8\ub9db\uc744 \uadf8\ub300\ub85c \ub290\ub084 \uc218 \uc788\uc74c<\/li>\n<\/ul>\n<p>\ub780\ube44\uc5d4(R\u1ea1n Bi\u1ec3n)\uc5d0\uc11c\ub294 1\ub4f1\uae09 \ud65c\uc5b4\ub9cc \uc120\ubcc4\ud574 \uc6d0\uc0b0\uc9c0\uc640 \ud488\uc9c8\uc744 \ucca0\uc800\ud788 \ubcf4\uc7a5\ud558\uba70, \uc804\ubb38 \uc170\ud504\ub4e4\uc774 \uac00\uc815\uc2dd\ubd80\ud130 \ube44\uc988\ub2c8\uc2a4 \uc811\ub300, \uace0\uae09 \uc5f0\ud68c\uae4c\uc9c0 \uc5b4\uc6b8\ub9ac\ub294 \uc12c\uc138\ud55c \ud574\uc0b0\ubb3c \uc694\ub9ac\ub97c \uc81c\uacf5\ud569\ub2c8\ub2e4.<\/p>\n","protected":false},"excerpt":{"rendered":"<p>\ucd9c\ucc98: \ubca0\ud2b8\ub0a8 \ube48\ud22c\uc5b8, \uce74\uc778\ud638\uc544, \ud478\uc60c<br data-start=\"82\" data-end=\"85\" \/>\uc911\ub7c9: 0.8 &#8211; 1.2 kg\/\ub9c8\ub9ac<br data-start=\"108\" data-end=\"111\" \/>\ud488\uc9c8 \ubcf4\uc7a5 \u2013 \uc2e0\uc120\ud55c \ud65c\uc5b4 \uc81c\uacf5<br data-start=\"132\" data-end=\"135\" \/>\uc2e0\uc18d\ud55c \uc0c1\ub2f4 \ubc0f \uc8fc\ubb38\uc744 \uc6d0\ud558\uc2dc\uba74 \ud56b\ub77c\uc778 0827 946 222\ub85c \ubc14\ub85c \uc5f0\ub77d\uc8fc\uc138\uc694.<\/p>\n","protected":false},"featured_media":3583,"comment_status":"open","ping_status":"closed","template":"","meta":{"inline_featured_image":false},"product_brand":[],"product_cat":[55],"product_tag":[],"class_list":{"0":"post-3448","1":"product","2":"type-product","3":"status-publish","4":"has-post-thumbnail","6":"product_cat-ca-ko","8":"first","9":"instock","10":"shipping-taxable","11":"product-type-simple"},"_links":{"self":[{"href":"https:\/\/haisanranbienvn461.mbws.vn\/ko\/wp-json\/wp\/v2\/product\/3448","targetHints":{"allow":["GET"]}}],"collection":[{"href":"https:\/\/haisanranbienvn461.mbws.vn\/ko\/wp-json\/wp\/v2\/product"}],"about":[{"href":"https:\/\/haisanranbienvn461.mbws.vn\/ko\/wp-json\/wp\/v2\/types\/product"}],"replies":[{"embeddable":true,"href":"https:\/\/haisanranbienvn461.mbws.vn\/ko\/wp-json\/wp\/v2\/comments?post=3448"}],"wp:featuredmedia":[{"embeddable":true,"href":"https:\/\/haisanranbienvn461.mbws.vn\/ko\/wp-json\/wp\/v2\/media\/3583"}],"wp:attachment":[{"href":"https:\/\/haisanranbienvn461.mbws.vn\/ko\/wp-json\/wp\/v2\/media?parent=3448"}],"wp:term":[{"taxonomy":"product_brand","embeddable":true,"href":"https:\/\/haisanranbienvn461.mbws.vn\/ko\/wp-json\/wp\/v2\/product_brand?post=3448"},{"taxonomy":"product_cat","embeddable":true,"href":"https:\/\/haisanranbienvn461.mbws.vn\/ko\/wp-json\/wp\/v2\/product_cat?post=3448"},{"taxonomy":"product_tag","embeddable":true,"href":"https:\/\/haisanranbienvn461.mbws.vn\/ko\/wp-json\/wp\/v2\/product_tag?post=3448"}],"curies":[{"name":"wp","href":"https:\/\/api.w.org\/{rel}","templated":true}]}}